{"id":17,"date":"2021-02-03T12:34:20","date_gmt":"2021-02-03T12:34:20","guid":{"rendered":"http:\/\/www.moniart.cz\/?page_id=17"},"modified":"2021-02-10T20:50:33","modified_gmt":"2021-02-10T20:50:33","slug":"domu","status":"publish","type":"page","link":"https:\/\/www.moniart.cz\/","title":{"rendered":"V\u00edtejte"},"content":{"rendered":"\n<p>Pot\u0159ebujete navrhnou interier domu, bytu, kancel\u00e1\u0159e nebo st\u011bn\u00e1m vdechnout \u017eivot kr\u00e1snou malbou, tak to jste na spr\u00e1vn\u011b adrese.<\/p>\n\n\n\n<p>Zak\u00e1zkov\u00e9 dekorativn\u00ed malby na ze\u010f do interi\u00e9ru i exteri\u00e9ru. F\u00e1dn\u00edm st\u011bn\u00e1m vdechneme \u017eivot. Realizujeme zak\u00e1zky r\u016fzn\u00fdch velikost\u00ed i styl\u016f podle va\u0161eho p\u0159\u00e1n\u00ed.<\/p>\n\n\n\n<p>Kompletn\u011b navrhneme interi\u00e9r s kombinaci prakti\u010dnosti a estetiky, kde v\u00fdsledek bude jeden harmonicky celek. V\u0161e bude odr\u00e1\u017eet va\u0161e p\u0159edstavi o bydlen\u00ed nebo pracovi\u0161ti a p\u0159edev\u0161\u00edm v\u00e1\u0161 vkus.<\/p>\n\n\n\n<p><\/p>\n","protected":false},"excerpt":{"rendered":"<p>Pot\u0159ebujete navrhnou interier domu, bytu, kancel\u00e1\u0159e nebo st\u011bn\u00e1m vdechnout \u017eivot kr\u00e1snou malbou, tak to jste na spr\u00e1vn\u011b adrese. Zak\u00e1zkov\u00e9 dekorativn\u00ed malby na ze\u010f do interi\u00e9ru i exteri\u00e9ru. F\u00e1dn\u00edm st\u011bn\u00e1m vdechneme \u017eivot. Realizujeme zak\u00e1zky r\u016fzn\u00fdch velikost\u00ed i styl\u016f podle va\u0161eho p\u0159\u00e1n\u00ed. Kompletn\u011b navrhneme interi\u00e9r s kombinaci prakti\u010dnosti a estetiky, kde v\u00fdsledek bude jeden harmonicky celek. V\u0161e &hellip; <\/p>\n<p class=\"link-more\"><a href=\"https:\/\/www.moniart.cz\/\" class=\"more-link\">Pokra\u010dovat ve \u010dten\u00ed<span class=\"screen-reader-text\"> &#8222;V\u00edtejte&#8220;<\/span><\/a><\/p>\n","protected":false},"author":1,"featured_media":53,"parent":0,"menu_order":0,"comment_status":"closed","ping_status":"closed","template":"","meta":{"ngg_post_thumbnail":0},"yoast_head":"<!-- This site is optimized with the Yoast SEO plugin v15.8 - https:\/\/yoast.com\/wordpress\/plugins\/seo\/ -->\n<title>V\u00edtejte - moniart<\/title>\n<meta name=\"robots\" content=\"index, follow, max-snippet:-1, max-image-preview:large, max-video-preview:-1\" \/>\n<link rel=\"canonical\" href=\"https:\/\/www.moniart.cz\/\" \/>\n<meta property=\"og:locale\" content=\"cs_CZ\" \/>\n<meta property=\"og:type\" content=\"article\" \/>\n<meta property=\"og:title\" content=\"V\u00edtejte - moniart\" \/>\n<meta property=\"og:description\" content=\"Pot\u0159ebujete navrhnou interier domu, bytu, kancel\u00e1\u0159e nebo st\u011bn\u00e1m vdechnout \u017eivot kr\u00e1snou malbou, tak to jste na spr\u00e1vn\u011b adrese. Zak\u00e1zkov\u00e9 dekorativn\u00ed malby na ze\u010f do interi\u00e9ru i exteri\u00e9ru. F\u00e1dn\u00edm st\u011bn\u00e1m vdechneme \u017eivot. Realizujeme zak\u00e1zky r\u016fzn\u00fdch velikost\u00ed i styl\u016f podle va\u0161eho p\u0159\u00e1n\u00ed. Kompletn\u011b navrhneme interi\u00e9r s kombinaci prakti\u010dnosti a estetiky, kde v\u00fdsledek bude jeden harmonicky celek. V\u0161e &hellip; Pokra\u010dovat ve \u010dten\u00ed &quot;V\u00edtejte&quot;\" \/>\n<meta property=\"og:url\" content=\"https:\/\/www.moniart.cz\/\" \/>\n<meta property=\"og:site_name\" content=\"moniart\" \/>\n<meta property=\"article:modified_time\" content=\"2021-02-10T20:50:33+00:00\" \/>\n<meta property=\"og:image\" content=\"https:\/\/www.moniart.cz\/wp-content\/uploads\/2021\/02\/cropped-moni2art.jpg\" \/>\n\t<meta property=\"og:image:width\" content=\"2000\" \/>\n\t<meta property=\"og:image:height\" content=\"1200\" \/>\n<meta name=\"twitter:card\" content=\"summary_large_image\" \/>\n<script type=\"application\/ld+json\" class=\"yoast-schema-graph\">{\"@context\":\"https:\/\/schema.org\",\"@graph\":[{\"@type\":\"WebSite\",\"@id\":\"https:\/\/www.moniart.cz\/#website\",\"url\":\"https:\/\/www.moniart.cz\/\",\"name\":\"moniart\",\"description\":\"Monika Jelen S\\u00fdkorov\\u00e1\",\"potentialAction\":[{\"@type\":\"SearchAction\",\"target\":\"https:\/\/www.moniart.cz\/?s={search_term_string}\",\"query-input\":\"required name=search_term_string\"}],\"inLanguage\":\"cs\"},{\"@type\":\"ImageObject\",\"@id\":\"https:\/\/www.moniart.cz\/#primaryimage\",\"inLanguage\":\"cs\",\"url\":\"https:\/\/www.moniart.cz\/wp-content\/uploads\/2021\/02\/cropped-moni2art.jpg\",\"width\":2000,\"height\":1200},{\"@type\":\"WebPage\",\"@id\":\"https:\/\/www.moniart.cz\/#webpage\",\"url\":\"https:\/\/www.moniart.cz\/\",\"name\":\"V\\u00edtejte - moniart\",\"isPartOf\":{\"@id\":\"https:\/\/www.moniart.cz\/#website\"},\"primaryImageOfPage\":{\"@id\":\"https:\/\/www.moniart.cz\/#primaryimage\"},\"datePublished\":\"2021-02-03T12:34:20+00:00\",\"dateModified\":\"2021-02-10T20:50:33+00:00\",\"breadcrumb\":{\"@id\":\"https:\/\/www.moniart.cz\/#breadcrumb\"},\"inLanguage\":\"cs\",\"potentialAction\":[{\"@type\":\"ReadAction\",\"target\":[\"https:\/\/www.moniart.cz\/\"]}]},{\"@type\":\"BreadcrumbList\",\"@id\":\"https:\/\/www.moniart.cz\/#breadcrumb\",\"itemListElement\":[{\"@type\":\"ListItem\",\"position\":1,\"item\":{\"@type\":\"WebPage\",\"@id\":\"https:\/\/www.moniart.cz\/\",\"url\":\"https:\/\/www.moniart.cz\/\",\"name\":\"Dom\\u016f\"}},{\"@type\":\"ListItem\",\"position\":2,\"item\":{\"@type\":\"WebPage\",\"@id\":\"https:\/\/www.moniart.cz\/\",\"url\":\"https:\/\/www.moniart.cz\/\",\"name\":\"V\\u00edtejte\"}}]}]}<\/script>\n<!-- \/ Yoast SEO plugin. -->","_links":{"self":[{"href":"https:\/\/www.moniart.cz\/index.php\/wp-json\/wp\/v2\/pages\/17"}],"collection":[{"href":"https:\/\/www.moniart.cz\/index.php\/wp-json\/wp\/v2\/pages"}],"about":[{"href":"https:\/\/www.moniart.cz\/index.php\/wp-json\/wp\/v2\/types\/page"}],"author":[{"embeddable":true,"href":"https:\/\/www.moniart.cz\/index.php\/wp-json\/wp\/v2\/users\/1"}],"replies":[{"embeddable":true,"href":"https:\/\/www.moniart.cz\/index.php\/wp-json\/wp\/v2\/comments?post=17"}],"version-history":[{"count":4,"href":"https:\/\/www.moniart.cz\/index.php\/wp-json\/wp\/v2\/pages\/17\/revisions"}],"predecessor-version":[{"id":61,"href":"https:\/\/www.moniart.cz\/index.php\/wp-json\/wp\/v2\/pages\/17\/revisions\/61"}],"wp:featuredmedia":[{"embeddable":true,"href":"https:\/\/www.moniart.cz\/index.php\/wp-json\/wp\/v2\/media\/53"}],"wp:attachment":[{"href":"https:\/\/www.moniart.cz\/index.php\/wp-json\/wp\/v2\/media?parent=17"}],"curies":[{"name":"wp","href":"https:\/\/api.w.org\/{rel}","templated":true}]}}