{"id":19,"date":"2021-02-03T12:34:20","date_gmt":"2021-02-03T12:34:20","guid":{"rendered":"http:\/\/www.moniart.cz\/?page_id=19"},"modified":"2021-02-17T08:48:36","modified_gmt":"2021-02-17T08:48:36","slug":"kontakt","status":"publish","type":"page","link":"https:\/\/www.moniart.cz\/index.php\/kontakt\/","title":{"rendered":"Kontakt"},"content":{"rendered":"\n<p>Pot\u0159ebujete navrhnou interier domu, bytu, kancel\u00e1\u0159e nebo st\u011bn\u00e1m vdechnout \u017eivot kr\u00e1snou malbou, rad\u00ed V\u00e1m pom\u016f\u017eeme.<\/p>\n\n\n\n<pre class=\"wp-block-preformatted\"><strong>Monika Jelen S\u00fdkorov\u00e1<\/strong>\n malby na zak\u00e1zku\n n\u00e1vrh interi\u00e9r\u016f\n\n<img loading=\"lazy\" width=\"999\" height=\"1346\" class=\"wp-image-110\" style=\"width: 12px;\" src=\"http:\/\/www.moniart.cz\/wp-content\/uploads\/2021\/02\/phone-cliparts-610620.png\" alt=\"\" srcset=\"https:\/\/www.moniart.cz\/wp-content\/uploads\/2021\/02\/phone-cliparts-610620.png 999w, https:\/\/www.moniart.cz\/wp-content\/uploads\/2021\/02\/phone-cliparts-610620-223x300.png 223w, https:\/\/www.moniart.cz\/wp-content\/uploads\/2021\/02\/phone-cliparts-610620-760x1024.png 760w, https:\/\/www.moniart.cz\/wp-content\/uploads\/2021\/02\/phone-cliparts-610620-768x1035.png 768w\" sizes=\"(max-width: 706px) 89vw, (max-width: 767px) 82vw, 740px\" \/> \n<img loading=\"lazy\" width=\"2550\" height=\"2550\" class=\"wp-image-108\" style=\"width: 15px;\" src=\"http:\/\/www.moniart.cz\/wp-content\/uploads\/2021\/02\/kisspng-email-logo-bounce-address-computer-icons-message-online-application-5b4f433f25d5a0.399925881531921215155.png\" alt=\"\" srcset=\"https:\/\/www.moniart.cz\/wp-content\/uploads\/2021\/02\/kisspng-email-logo-bounce-address-computer-icons-message-online-application-5b4f433f25d5a0.399925881531921215155.png 2550w, https:\/\/www.moniart.cz\/wp-content\/uploads\/2021\/02\/kisspng-email-logo-bounce-address-computer-icons-message-online-application-5b4f433f25d5a0.399925881531921215155-300x300.png 300w, https:\/\/www.moniart.cz\/wp-content\/uploads\/2021\/02\/kisspng-email-logo-bounce-address-computer-icons-message-online-application-5b4f433f25d5a0.399925881531921215155-1024x1024.png 1024w, https:\/\/www.moniart.cz\/wp-content\/uploads\/2021\/02\/kisspng-email-logo-bounce-address-computer-icons-message-online-application-5b4f433f25d5a0.399925881531921215155-150x150.png 150w, https:\/\/www.moniart.cz\/wp-content\/uploads\/2021\/02\/kisspng-email-logo-bounce-address-computer-icons-message-online-application-5b4f433f25d5a0.399925881531921215155-768x768.png 768w, https:\/\/www.moniart.cz\/wp-content\/uploads\/2021\/02\/kisspng-email-logo-bounce-address-computer-icons-message-online-application-5b4f433f25d5a0.399925881531921215155-1536x1536.png 1536w, https:\/\/www.moniart.cz\/wp-content\/uploads\/2021\/02\/kisspng-email-logo-bounce-address-computer-icons-message-online-application-5b4f433f25d5a0.399925881531921215155-2048x2048.png 2048w, https:\/\/www.moniart.cz\/wp-content\/uploads\/2021\/02\/kisspng-email-logo-bounce-address-computer-icons-message-online-application-5b4f433f25d5a0.399925881531921215155-100x100.png 100w\" sizes=\"(max-width: 706px) 89vw, (max-width: 767px) 82vw, 740px\" \/><strong> <\/strong><em><a rel=\"noreferrer noopener\" href=\"mailto:monika@moniart.cz\" target=\"_blank\">monika@moniart.cz<\/a><\/em><\/pre>\n\n\n\n<div class=\"wp-block-contact-form-7-contact-form-selector\"><div role=\"form\" class=\"wpcf7\" id=\"wpcf7-f119-o1\" lang=\"cs-CZ\" dir=\"ltr\">\n<div class=\"screen-reader-response\"><p role=\"status\" aria-live=\"polite\" aria-atomic=\"true\"><\/p> <ul><\/ul><\/div>\n<form action=\"\/index.php\/wp-json\/wp\/v2\/pages\/19#wpcf7-f119-o1\" method=\"post\" class=\"wpcf7-form init\" novalidate=\"novalidate\" data-status=\"init\">\n<div style=\"display: none;\">\n<input type=\"hidden\" name=\"_wpcf7\" value=\"119\" \/>\n<input type=\"hidden\" name=\"_wpcf7_version\" value=\"5.3.2\" \/>\n<input type=\"hidden\" name=\"_wpcf7_locale\" value=\"cs_CZ\" \/>\n<input type=\"hidden\" name=\"_wpcf7_unit_tag\" value=\"wpcf7-f119-o1\" \/>\n<input type=\"hidden\" name=\"_wpcf7_container_post\" value=\"0\" \/>\n<input type=\"hidden\" name=\"_wpcf7_posted_data_hash\" value=\"\" \/>\n<\/div>\n<p><label> Va\u0161e jm\u00e9no<br \/>\n    <span class=\"wpcf7-form-control-wrap your-name\"><input type=\"text\" name=\"your-name\" value=\"\" size=\"40\" class=\"wpcf7-form-control wpcf7-text wpcf7-validates-as-required\" aria-required=\"true\" aria-invalid=\"false\" \/><\/span> <\/label><\/p>\n<p><label> V\u00e1\u0161 e-mail<br \/>\n    <span class=\"wpcf7-form-control-wrap your-email\"><input type=\"email\" name=\"your-email\" value=\"\" size=\"40\" class=\"wpcf7-form-control wpcf7-text wpcf7-email wpcf7-validates-as-required wpcf7-validates-as-email\" aria-required=\"true\" aria-invalid=\"false\" \/><\/span> <\/label><\/p>\n<p><label> P\u0159edm\u011bt<br \/>\n    <span class=\"wpcf7-form-control-wrap your-subject\"><input type=\"text\" name=\"your-subject\" value=\"\" size=\"40\" class=\"wpcf7-form-control wpcf7-text wpcf7-validates-as-required\" aria-required=\"true\" aria-invalid=\"false\" \/><\/span> <\/label><\/p>\n<p><label> Va\u0161e zpr\u00e1va (voliteln\u00fd)<br \/>\n    <span class=\"wpcf7-form-control-wrap your-message\"><textarea name=\"your-message\" cols=\"40\" rows=\"10\" class=\"wpcf7-form-control wpcf7-textarea\" aria-invalid=\"false\"><\/textarea><\/span> <\/label><\/p>\n<p><input type=\"submit\" value=\"Odeslat\" class=\"wpcf7-form-control wpcf7-submit\" \/><\/p>\n<div class=\"wpcf7-response-output\" aria-hidden=\"true\"><\/div><\/form><\/div><\/div>\n","protected":false},"excerpt":{"rendered":"<p>Pot\u0159ebujete navrhnou interier domu, bytu, kancel\u00e1\u0159e nebo st\u011bn\u00e1m vdechnout \u017eivot kr\u00e1snou malbou, rad\u00ed V\u00e1m pom\u016f\u017eeme. Monika Jelen S\u00fdkorov\u00e1 malby na zak\u00e1zku n\u00e1vrh interi\u00e9r\u016f monika@moniart.cz<\/p>\n","protected":false},"author":1,"featured_media":93,"parent":0,"menu_order":0,"comment_status":"closed","ping_status":"closed","template":"","meta":{"ngg_post_thumbnail":0},"yoast_head":"<!-- This site is optimized with the Yoast SEO plugin v15.8 - https:\/\/yoast.com\/wordpress\/plugins\/seo\/ -->\n<title>Kontakt - moniart<\/title>\n<meta name=\"robots\" content=\"index, follow, max-snippet:-1, max-image-preview:large, max-video-preview:-1\" \/>\n<link rel=\"canonical\" href=\"http:\/\/www.moniart.cz\/index.php\/kontakt\/\" \/>\n<meta property=\"og:locale\" content=\"cs_CZ\" \/>\n<meta property=\"og:type\" content=\"article\" \/>\n<meta property=\"og:title\" content=\"Kontakt - moniart\" \/>\n<meta property=\"og:description\" content=\"Pot\u0159ebujete navrhnou interier domu, bytu, kancel\u00e1\u0159e nebo st\u011bn\u00e1m vdechnout \u017eivot kr\u00e1snou malbou, rad\u00ed V\u00e1m pom\u016f\u017eeme. Monika Jelen S\u00fdkorov\u00e1 malby na zak\u00e1zku n\u00e1vrh interi\u00e9r\u016f monika@moniart.cz\" \/>\n<meta property=\"og:url\" content=\"http:\/\/www.moniart.cz\/index.php\/kontakt\/\" \/>\n<meta property=\"og:site_name\" content=\"moniart\" \/>\n<meta property=\"article:modified_time\" content=\"2021-02-17T08:48:36+00:00\" \/>\n<meta property=\"og:image\" content=\"https:\/\/www.moniart.cz\/wp-content\/uploads\/2021\/02\/moniartKAVA2.jpg\" \/>\n\t<meta property=\"og:image:width\" content=\"750\" \/>\n\t<meta property=\"og:image:height\" content=\"435\" \/>\n<meta name=\"twitter:card\" content=\"summary_large_image\" \/>\n<meta name=\"twitter:label1\" content=\"Odhadovan\u00e1 doba \u010dten\u00ed\">\n\t<meta name=\"twitter:data1\" content=\"1 minuta\">\n<script type=\"application\/ld+json\" class=\"yoast-schema-graph\">{\"@context\":\"https:\/\/schema.org\",\"@graph\":[{\"@type\":\"WebSite\",\"@id\":\"https:\/\/www.moniart.cz\/#website\",\"url\":\"https:\/\/www.moniart.cz\/\",\"name\":\"moniart\",\"description\":\"Monika Jelen S\\u00fdkorov\\u00e1\",\"potentialAction\":[{\"@type\":\"SearchAction\",\"target\":\"https:\/\/www.moniart.cz\/?s={search_term_string}\",\"query-input\":\"required name=search_term_string\"}],\"inLanguage\":\"cs\"},{\"@type\":\"ImageObject\",\"@id\":\"http:\/\/www.moniart.cz\/index.php\/kontakt\/#primaryimage\",\"inLanguage\":\"cs\",\"url\":\"https:\/\/www.moniart.cz\/wp-content\/uploads\/2021\/02\/moniartKAVA2.jpg\",\"width\":750,\"height\":435},{\"@type\":\"WebPage\",\"@id\":\"http:\/\/www.moniart.cz\/index.php\/kontakt\/#webpage\",\"url\":\"http:\/\/www.moniart.cz\/index.php\/kontakt\/\",\"name\":\"Kontakt - moniart\",\"isPartOf\":{\"@id\":\"https:\/\/www.moniart.cz\/#website\"},\"primaryImageOfPage\":{\"@id\":\"http:\/\/www.moniart.cz\/index.php\/kontakt\/#primaryimage\"},\"datePublished\":\"2021-02-03T12:34:20+00:00\",\"dateModified\":\"2021-02-17T08:48:36+00:00\",\"breadcrumb\":{\"@id\":\"http:\/\/www.moniart.cz\/index.php\/kontakt\/#breadcrumb\"},\"inLanguage\":\"cs\",\"potentialAction\":[{\"@type\":\"ReadAction\",\"target\":[\"http:\/\/www.moniart.cz\/index.php\/kontakt\/\"]}]},{\"@type\":\"BreadcrumbList\",\"@id\":\"http:\/\/www.moniart.cz\/index.php\/kontakt\/#breadcrumb\",\"itemListElement\":[{\"@type\":\"ListItem\",\"position\":1,\"item\":{\"@type\":\"WebPage\",\"@id\":\"https:\/\/www.moniart.cz\/\",\"url\":\"https:\/\/www.moniart.cz\/\",\"name\":\"Dom\\u016f\"}},{\"@type\":\"ListItem\",\"position\":2,\"item\":{\"@type\":\"WebPage\",\"@id\":\"http:\/\/www.moniart.cz\/index.php\/kontakt\/\",\"url\":\"http:\/\/www.moniart.cz\/index.php\/kontakt\/\",\"name\":\"Kontakt\"}}]}]}<\/script>\n<!-- \/ Yoast SEO plugin. -->","_links":{"self":[{"href":"https:\/\/www.moniart.cz\/index.php\/wp-json\/wp\/v2\/pages\/19"}],"collection":[{"href":"https:\/\/www.moniart.cz\/index.php\/wp-json\/wp\/v2\/pages"}],"about":[{"href":"https:\/\/www.moniart.cz\/index.php\/wp-json\/wp\/v2\/types\/page"}],"author":[{"embeddable":true,"href":"https:\/\/www.moniart.cz\/index.php\/wp-json\/wp\/v2\/users\/1"}],"replies":[{"embeddable":true,"href":"https:\/\/www.moniart.cz\/index.php\/wp-json\/wp\/v2\/comments?post=19"}],"version-history":[{"count":9,"href":"https:\/\/www.moniart.cz\/index.php\/wp-json\/wp\/v2\/pages\/19\/revisions"}],"predecessor-version":[{"id":120,"href":"https:\/\/www.moniart.cz\/index.php\/wp-json\/wp\/v2\/pages\/19\/revisions\/120"}],"wp:featuredmedia":[{"embeddable":true,"href":"https:\/\/www.moniart.cz\/index.php\/wp-json\/wp\/v2\/media\/93"}],"wp:attachment":[{"href":"https:\/\/www.moniart.cz\/index.php\/wp-json\/wp\/v2\/media?parent=19"}],"curies":[{"name":"wp","href":"https:\/\/api.w.org\/{rel}","templated":true}]}}