{"id":79,"date":"2021-02-10T21:23:05","date_gmt":"2021-02-10T21:23:05","guid":{"rendered":"http:\/\/www.moniart.cz\/?page_id=79"},"modified":"2021-02-11T10:58:58","modified_gmt":"2021-02-11T10:58:58","slug":"navrhy-interieru","status":"publish","type":"page","link":"https:\/\/www.moniart.cz\/index.php\/navrhy-interieru\/","title":{"rendered":"N\u00e1vrhy interi\u00e9ru"},"content":{"rendered":"\n<p>Kompletn\u011b navrhneme interi\u00e9r s kombinaci prakti\u010dnosti a estetiky, kde v\u00fdsledek bude jeden harmonicky celek. V\u0161e bude odr\u00e1\u017eet va\u0161e p\u0159edstavi o bydlen\u00ed nebo pracovi\u0161ti a p\u0159edev\u0161\u00edm v\u00e1\u0161 vkus.<\/p>\n\n\n\n<figure class=\"wp-block-gallery columns-2 is-cropped\"><ul class=\"blocks-gallery-grid\"><li class=\"blocks-gallery-item\"><figure><img loading=\"lazy\" width=\"1024\" height=\"614\" src=\"http:\/\/www.moniart.cz\/wp-content\/uploads\/2021\/02\/cropped-moni2art-1024x614.jpg\" alt=\"\" data-id=\"53\" data-link=\"http:\/\/www.moniart.cz\/cropped-moni2art-jpg\/\" class=\"wp-image-53\" srcset=\"https:\/\/www.moniart.cz\/wp-content\/uploads\/2021\/02\/cropped-moni2art-1024x614.jpg 1024w, https:\/\/www.moniart.cz\/wp-content\/uploads\/2021\/02\/cropped-moni2art-300x180.jpg 300w, https:\/\/www.moniart.cz\/wp-content\/uploads\/2021\/02\/cropped-moni2art-768x461.jpg 768w, https:\/\/www.moniart.cz\/wp-content\/uploads\/2021\/02\/cropped-moni2art-1536x922.jpg 1536w, https:\/\/www.moniart.cz\/wp-content\/uploads\/2021\/02\/cropped-moni2art.jpg 2000w\" sizes=\"(max-width: 706px) 89vw, (max-width: 767px) 82vw, 740px\" \/><\/figure><\/li><li class=\"blocks-gallery-item\"><figure><img loading=\"lazy\" width=\"1024\" height=\"549\" src=\"https:\/\/www.moniart.cz\/wp-content\/uploads\/2021\/02\/moni10art-1024x549.jpg\" alt=\"\" data-id=\"100\" data-full-url=\"https:\/\/www.moniart.cz\/wp-content\/uploads\/2021\/02\/moni10art.jpg\" data-link=\"https:\/\/www.moniart.cz\/index.php\/navrhy-interieru\/moni10art\/\" class=\"wp-image-100\" srcset=\"https:\/\/www.moniart.cz\/wp-content\/uploads\/2021\/02\/moni10art-1024x549.jpg 1024w, https:\/\/www.moniart.cz\/wp-content\/uploads\/2021\/02\/moni10art-300x161.jpg 300w, https:\/\/www.moniart.cz\/wp-content\/uploads\/2021\/02\/moni10art-768x412.jpg 768w, https:\/\/www.moniart.cz\/wp-content\/uploads\/2021\/02\/moni10art-1536x824.jpg 1536w, https:\/\/www.moniart.cz\/wp-content\/uploads\/2021\/02\/moni10art.jpg 1604w\" sizes=\"(max-width: 706px) 89vw, (max-width: 767px) 82vw, 740px\" \/><\/figure><\/li><\/ul><\/figure>\n","protected":false},"excerpt":{"rendered":"<p>Kompletn\u011b navrhneme interi\u00e9r s kombinaci prakti\u010dnosti a estetiky, kde v\u00fdsledek bude jeden harmonicky celek. V\u0161e bude odr\u00e1\u017eet va\u0161e p\u0159edstavi o bydlen\u00ed nebo pracovi\u0161ti a p\u0159edev\u0161\u00edm v\u00e1\u0161 vkus.<\/p>\n","protected":false},"author":1,"featured_media":101,"parent":0,"menu_order":0,"comment_status":"closed","ping_status":"closed","template":"","meta":{"ngg_post_thumbnail":0},"yoast_head":"<!-- This site is optimized with the Yoast SEO plugin v15.8 - https:\/\/yoast.com\/wordpress\/plugins\/seo\/ -->\n<title>N\u00e1vrhy interi\u00e9ru - moniart<\/title>\n<meta name=\"robots\" content=\"index, follow, max-snippet:-1, max-image-preview:large, max-video-preview:-1\" \/>\n<link rel=\"canonical\" href=\"https:\/\/www.moniart.cz\/index.php\/navrhy-interieru\/\" \/>\n<meta property=\"og:locale\" content=\"cs_CZ\" \/>\n<meta property=\"og:type\" content=\"article\" \/>\n<meta property=\"og:title\" content=\"N\u00e1vrhy interi\u00e9ru - moniart\" \/>\n<meta property=\"og:description\" content=\"Kompletn\u011b navrhneme interi\u00e9r s kombinaci prakti\u010dnosti a estetiky, kde v\u00fdsledek bude jeden harmonicky celek. V\u0161e bude odr\u00e1\u017eet va\u0161e p\u0159edstavi o bydlen\u00ed nebo pracovi\u0161ti a p\u0159edev\u0161\u00edm v\u00e1\u0161 vkus.\" \/>\n<meta property=\"og:url\" content=\"https:\/\/www.moniart.cz\/index.php\/navrhy-interieru\/\" \/>\n<meta property=\"og:site_name\" content=\"moniart\" \/>\n<meta property=\"article:modified_time\" content=\"2021-02-11T10:58:58+00:00\" \/>\n<meta property=\"og:image\" content=\"https:\/\/www.moniart.cz\/wp-content\/uploads\/2021\/02\/moni10art-1.jpg\" \/>\n\t<meta property=\"og:image:width\" content=\"1604\" \/>\n\t<meta property=\"og:image:height\" content=\"860\" \/>\n<meta name=\"twitter:card\" content=\"summary_large_image\" \/>\n<meta name=\"twitter:label1\" content=\"Odhadovan\u00e1 doba \u010dten\u00ed\">\n\t<meta name=\"twitter:data1\" content=\"1 minuta\">\n<script type=\"application\/ld+json\" class=\"yoast-schema-graph\">{\"@context\":\"https:\/\/schema.org\",\"@graph\":[{\"@type\":\"WebSite\",\"@id\":\"https:\/\/www.moniart.cz\/#website\",\"url\":\"https:\/\/www.moniart.cz\/\",\"name\":\"moniart\",\"description\":\"Monika Jelen S\\u00fdkorov\\u00e1\",\"potentialAction\":[{\"@type\":\"SearchAction\",\"target\":\"https:\/\/www.moniart.cz\/?s={search_term_string}\",\"query-input\":\"required name=search_term_string\"}],\"inLanguage\":\"cs\"},{\"@type\":\"ImageObject\",\"@id\":\"https:\/\/www.moniart.cz\/index.php\/navrhy-interieru\/#primaryimage\",\"inLanguage\":\"cs\",\"url\":\"https:\/\/www.moniart.cz\/wp-content\/uploads\/2021\/02\/moni10art-1.jpg\",\"width\":1604,\"height\":860},{\"@type\":\"WebPage\",\"@id\":\"https:\/\/www.moniart.cz\/index.php\/navrhy-interieru\/#webpage\",\"url\":\"https:\/\/www.moniart.cz\/index.php\/navrhy-interieru\/\",\"name\":\"N\\u00e1vrhy interi\\u00e9ru - moniart\",\"isPartOf\":{\"@id\":\"https:\/\/www.moniart.cz\/#website\"},\"primaryImageOfPage\":{\"@id\":\"https:\/\/www.moniart.cz\/index.php\/navrhy-interieru\/#primaryimage\"},\"datePublished\":\"2021-02-10T21:23:05+00:00\",\"dateModified\":\"2021-02-11T10:58:58+00:00\",\"breadcrumb\":{\"@id\":\"https:\/\/www.moniart.cz\/index.php\/navrhy-interieru\/#breadcrumb\"},\"inLanguage\":\"cs\",\"potentialAction\":[{\"@type\":\"ReadAction\",\"target\":[\"https:\/\/www.moniart.cz\/index.php\/navrhy-interieru\/\"]}]},{\"@type\":\"BreadcrumbList\",\"@id\":\"https:\/\/www.moniart.cz\/index.php\/navrhy-interieru\/#breadcrumb\",\"itemListElement\":[{\"@type\":\"ListItem\",\"position\":1,\"item\":{\"@type\":\"WebPage\",\"@id\":\"https:\/\/www.moniart.cz\/\",\"url\":\"https:\/\/www.moniart.cz\/\",\"name\":\"Dom\\u016f\"}},{\"@type\":\"ListItem\",\"position\":2,\"item\":{\"@type\":\"WebPage\",\"@id\":\"https:\/\/www.moniart.cz\/index.php\/navrhy-interieru\/\",\"url\":\"https:\/\/www.moniart.cz\/index.php\/navrhy-interieru\/\",\"name\":\"N\\u00e1vrhy interi\\u00e9ru\"}}]}]}<\/script>\n<!-- \/ Yoast SEO plugin. -->","_links":{"self":[{"href":"https:\/\/www.moniart.cz\/index.php\/wp-json\/wp\/v2\/pages\/79"}],"collection":[{"href":"https:\/\/www.moniart.cz\/index.php\/wp-json\/wp\/v2\/pages"}],"about":[{"href":"https:\/\/www.moniart.cz\/index.php\/wp-json\/wp\/v2\/types\/page"}],"author":[{"embeddable":true,"href":"https:\/\/www.moniart.cz\/index.php\/wp-json\/wp\/v2\/users\/1"}],"replies":[{"embeddable":true,"href":"https:\/\/www.moniart.cz\/index.php\/wp-json\/wp\/v2\/comments?post=79"}],"version-history":[{"count":3,"href":"https:\/\/www.moniart.cz\/index.php\/wp-json\/wp\/v2\/pages\/79\/revisions"}],"predecessor-version":[{"id":118,"href":"https:\/\/www.moniart.cz\/index.php\/wp-json\/wp\/v2\/pages\/79\/revisions\/118"}],"wp:featuredmedia":[{"embeddable":true,"href":"https:\/\/www.moniart.cz\/index.php\/wp-json\/wp\/v2\/media\/101"}],"wp:attachment":[{"href":"https:\/\/www.moniart.cz\/index.php\/wp-json\/wp\/v2\/media?parent=79"}],"curies":[{"name":"wp","href":"https:\/\/api.w.org\/{rel}","templated":true}]}}